{"id":405,"date":"2020-02-05T17:42:56","date_gmt":"2020-02-05T17:42:56","guid":{"rendered":"https:\/\/absideturismo.com\/?page_id=405"},"modified":"2022-01-05T16:05:22","modified_gmt":"2022-01-05T16:05:22","slug":"baeza-ubeda","status":"publish","type":"page","link":"https:\/\/absideturismo.com\/index.php\/baeza-ubeda\/","title":{"rendered":"Baeza + \u00dabeda"},"content":{"rendered":"\t\t<div data-elementor-type=\"wp-page\" data-elementor-id=\"405\" class=\"elementor elementor-405\" data-elementor-settings=\"[]\">\n\t\t\t\t\t\t<div class=\"elementor-inner\">\n\t\t\t\t\t\t\t<div class=\"elementor-section-wrap\">\n\t\t\t\t\t\t\t<section class=\"elementor-section elementor-top-section elementor-element elementor-element-853ba9b elementor-section-full_width she-header-yes elementor-section-height-default elementor-section-height-default stylepress-section-color-normal\" data-id=\"853ba9b\" data-element_type=\"section\" data-settings=\"{&quot;transparent_on&quot;:[&quot;desktop&quot;,&quot;tablet&quot;],&quot;background_show&quot;:&quot;yes&quot;,&quot;background&quot;:&quot;#FFFFCE&quot;,&quot;scroll_distance&quot;:{&quot;unit&quot;:&quot;px&quot;,&quot;size&quot;:5,&quot;sizes&quot;:[]},&quot;transparent&quot;:&quot;yes&quot;,&quot;scroll_distance_tablet&quot;:{&quot;unit&quot;:&quot;px&quot;,&quot;size&quot;:&quot;&quot;,&quot;sizes&quot;:[]},&quot;scroll_distance_mobile&quot;:{&quot;unit&quot;:&quot;px&quot;,&quot;size&quot;:&quot;&quot;,&quot;sizes&quot;:[]}}\">\n\t\t\t\t\t\t<div class=\"elementor-container elementor-column-gap-default\">\n\t\t\t\t\t\t\t<div class=\"elementor-row\">\n\t\t\t\t\t<div class=\"elementor-column elementor-col-33 elementor-top-column elementor-element elementor-element-d896b6e\" data-id=\"d896b6e\" data-element_type=\"column\">\n\t\t\t<div class=\"elementor-column-wrap elementor-element-populated\">\n\t\t\t\t\t\t\t<div class=\"elementor-widget-wrap\">\n\t\t\t\t\t\t<div class=\"elementor-element elementor-element-6927488 elementor-position-left stylepress-image-size-thumbnail elementor-vertical-align-middle elementor-widget elementor-widget-image-box\" data-id=\"6927488\" data-element_type=\"widget\" data-widget_type=\"image-box.default\">\n\t\t\t\t<div class=\"elementor-widget-container\">\n\t\t\t<div class=\"elementor-image-box-wrapper\"><figure class=\"elementor-image-box-img\"><img decoding=\"async\" src=\"https:\/\/absideturismo.com\/wp-content\/uploads\/elementor\/thumbs\/logo-qofggpg2d045y8mpjr48zrtfxm1dt5oav7vw4a8zk0.png\" title=\"logo\" alt=\"logo\" \/><\/figure><div class=\"elementor-image-box-content\"><h3 class=\"elementor-image-box-title\">\u00c1bside Turismo\u200b<\/h3><\/div><\/div>\t\t<\/div>\n\t\t\t\t<\/div>\n\t\t\t\t\t\t<\/div>\n\t\t\t\t\t<\/div>\n\t\t<\/div>\n\t\t\t\t<div class=\"elementor-column elementor-col-33 elementor-top-column elementor-element elementor-element-9eebe5e\" data-id=\"9eebe5e\" data-element_type=\"column\">\n\t\t\t<div class=\"elementor-column-wrap elementor-element-populated\">\n\t\t\t\t\t\t\t<div class=\"elementor-widget-wrap\">\n\t\t\t\t\t\t<div class=\"elementor-element elementor-element-bbc426b elementor-widget elementor-widget-dtbaker_wp_menu\" data-id=\"bbc426b\" data-element_type=\"widget\" data-widget_type=\"dtbaker_wp_menu.default\">\n\t\t\t\t<div class=\"elementor-widget-container\">\n\t\t\t\t\t<div class=\"stylepress-nav-menu-placeholder\"><\/div>\n\t\t<div\n\t\t\tclass=\"stylepress-nav-menu\">\n\t\t\t\t\t\t\t<div class=\"stylepress-nav-wrapper\">\n\t\t\t\t\t\t\t\t\t\t\t<div class=\"stylepress-nav-menuitems\">\n\t\t\t\t\t\t\t<nav itemtype=\"http:\/\/schema.org\/SiteNavigationElement\" itemscope=\"itemscope\"\n\t\t\t\t\t\t\t     class=\"stylepress-main-navigation\">\n\t\t\t\t\t\t\t\t<button class=\"stylepress-menu-toggle\" aria-controls=\"bbc426b-menu\"\n\t\t\t\t\t\t\t\t        aria-expanded=\"false\">\n\t\t\t\t\t\t\t\t\t<span class=\"stylepress-mobile-menu\">Menu<\/span>\n\t\t\t\t\t\t\t\t<\/button>\n\t\t\t\t\t\t\t\t<div id=\"bbc426b-menu\" class=\"stylepress-inside-navigation\">\n\t\t\t\t\t\t\t\t\t<div id=\"primary-menu\" class=\"main-nav stylepress_menu\"><ul id=\"menu-menu-principal\" class=\" \"><li class=\"menu-item menu-item-type-post_type menu-item-object-page menu-item-home\"><a href=\"https:\/\/absideturismo.com\/\">Inicio<\/a><\/li>\n<li class=\"menu-item menu-item-type-post_type menu-item-object-page\"><a href=\"https:\/\/absideturismo.com\/index.php\/bienvenidos\/\">Bienvenidos<\/a><\/li>\n<li class=\"menu-item menu-item-type-custom menu-item-object-custom menu-item-has-children\"><a href=\"#\">Visita individual<span role=\"button\" class=\"dropdown-menu-toggle\" aria-expanded=\"false\"><\/span><\/a>\n<ul>\n<li class=\"menu-item menu-item-type-post_type menu-item-object-page\"><a href=\"https:\/\/absideturismo.com\/index.php\/ubeda\/\">Ubeda<\/a><\/li>\n<li class=\"menu-item menu-item-type-post_type menu-item-object-page\"><a href=\"https:\/\/absideturismo.com\/index.php\/baeza\/\">Baeza<\/a><\/li>\n<li class=\"menu-item menu-item-type-post_type menu-item-object-page\"><a href=\"https:\/\/absideturismo.com\/index.php\/baeza-ubeda\/\">Baeza + \u00dabeda<\/a><\/li>\n\n<\/ul>\n\n\n\n <!-- end level 0  --> \n\n\n<\/li>\n<li class=\"menu-item menu-item-type-custom menu-item-object-custom menu-item-has-children\"><a href=\"#\">Visitas Grupos<span role=\"button\" class=\"dropdown-menu-toggle\" aria-expanded=\"false\"><\/span><\/a>\n<ul>\n<li class=\"menu-item menu-item-type-post_type menu-item-object-page\"><a href=\"https:\/\/absideturismo.com\/index.php\/jaen\/\">Ja\u00e9n<\/a><\/li>\n<li class=\"menu-item menu-item-type-post_type menu-item-object-page\"><a href=\"https:\/\/absideturismo.com\/index.php\/cazorla\/\">Cazorla<\/a><\/li>\n<li class=\"menu-item menu-item-type-post_type menu-item-object-page\"><a href=\"https:\/\/absideturismo.com\/index.php\/banos\/\">Ba\u00f1os<\/a><\/li>\n<li class=\"menu-item menu-item-type-post_type menu-item-object-page\"><a href=\"https:\/\/absideturismo.com\/index.php\/sabiote\/\">Sabiote<\/a><\/li>\n\n<\/ul>\n\n\n\n <!-- end level 0  --> \n\n\n<\/li>\n<li class=\"menu-item menu-item-type-post_type menu-item-object-page\"><a href=\"https:\/\/absideturismo.com\/index.php\/contacto\/\">Contacto<\/a><\/li>\n<li class=\"menu-item menu-item-type-post_type menu-item-object-post\"><a href=\"https:\/\/absideturismo.com\/index.php\/2020\/01\/08\/hello-world\/\">Comentarios<\/a><\/li>\n<\/ul><\/div>\t\t\t\t\t\t\t\t<\/div><!-- .inside-navigation -->\n\t\t\t\t\t\t\t<\/nav><!-- #site-navigation -->\n\t\t\t\t\t\t<\/div>\n\t\t\t\t\t\t\t\t\t<\/div>\n\t\t\t\t\t\t<\/div>\n\t\t\t\t<\/div>\n\t\t\t\t<\/div>\n\t\t\t\t\t\t<\/div>\n\t\t\t\t\t<\/div>\n\t\t<\/div>\n\t\t\t\t<div class=\"elementor-column elementor-col-33 elementor-top-column elementor-element elementor-element-2f3cb65\" data-id=\"2f3cb65\" data-element_type=\"column\">\n\t\t\t<div class=\"elementor-column-wrap elementor-element-populated\">\n\t\t\t\t\t\t\t<div class=\"elementor-widget-wrap\">\n\t\t\t\t\t\t<div class=\"elementor-element elementor-element-cfac4bb elementor-position-left elementor-view-default elementor-vertical-align-top elementor-widget elementor-widget-icon-box\" data-id=\"cfac4bb\" data-element_type=\"widget\" data-widget_type=\"icon-box.default\">\n\t\t\t\t<div class=\"elementor-widget-container\">\n\t\t\t\t\t<div class=\"elementor-icon-box-wrapper\">\n\t\t\t\t\t\t<div class=\"elementor-icon-box-icon\">\n\t\t\t\t<span class=\"elementor-icon elementor-animation-\" >\n\t\t\t\t<i aria-hidden=\"true\" class=\"fas fa-phone-alt\"><\/i>\t\t\t\t<\/span>\n\t\t\t<\/div>\n\t\t\t\t\t\t<div class=\"elementor-icon-box-content\">\n\t\t\t\t<h3 class=\"elementor-icon-box-title\">\n\t\t\t\t\t<span  >\n\t\t\t\t\t\t\t\t\t\t\t<\/span>\n\t\t\t\t<\/h3>\n\t\t\t\t\t\t\t\t\t<p class=\"elementor-icon-box-description\">\n\t\t\t\t\t\t679 66 46 25<br\/>\n953 74 33 36\t\t\t\t\t<\/p>\n\t\t\t\t\t\t\t<\/div>\n\t\t<\/div>\n\t\t\t\t<\/div>\n\t\t\t\t<\/div>\n\t\t\t\t\t\t<\/div>\n\t\t\t\t\t<\/div>\n\t\t<\/div>\n\t\t\t\t\t\t\t\t<\/div>\n\t\t\t\t\t<\/div>\n\t\t<\/section>\n\t\t\t\t<section class=\"elementor-section elementor-top-section elementor-element elementor-element-5f3d940 elementor-section-boxed elementor-section-height-default elementor-section-height-default stylepress-section-color-normal\" data-id=\"5f3d940\" data-element_type=\"section\">\n\t\t\t\t\t\t<div class=\"elementor-container elementor-column-gap-default\">\n\t\t\t\t\t\t\t<div class=\"elementor-row\">\n\t\t\t\t\t<div class=\"elementor-column elementor-col-100 elementor-top-column elementor-element elementor-element-7d971cd\" data-id=\"7d971cd\" data-element_type=\"column\">\n\t\t\t<div class=\"elementor-column-wrap elementor-element-populated\">\n\t\t\t\t\t\t\t<div class=\"elementor-widget-wrap\">\n\t\t\t\t\t\t<div class=\"elementor-element elementor-element-24fed55 elementor-widget elementor-widget-heading\" data-id=\"24fed55\" data-element_type=\"widget\" data-widget_type=\"heading.default\">\n\t\t\t\t<div class=\"elementor-widget-container\">\n\t\t\t<h1 class=\"elementor-heading-title elementor-size-default\">Baeza + \u00dabeda <\/h1>\t\t<\/div>\n\t\t\t\t<\/div>\n\t\t\t\t<div class=\"elementor-element elementor-element-43b51bf elementor-widget elementor-widget-text-editor\" data-id=\"43b51bf\" data-element_type=\"widget\" data-widget_type=\"text-editor.default\">\n\t\t\t\t<div class=\"elementor-widget-container\">\n\t\t\t\t\t\t\t\t<div class=\"elementor-text-editor elementor-clearfix\">\n\t\t\t\t<p><strong>Las dos ciudades hermanas desde hace siglos, se encuentran la una de la otra a tan s\u00f3lo 9 kil\u00f3metros de distancia. Ambas fueron declaradas ciudades Patrimonio de la Humanidad, por parte de la Unesco, en el a\u00f1o 2003, gracias a su gran patrimonio religioso, palaciego y militar, especialmente durante el siglo XVI.<\/strong><\/p><p><strong>Podr\u00e1 disfrutar de la Catedral de Baeza, junto a su entorno monumental de la Antigua Universidad, el Palacio de Jabalquinto y otros tantos rincones medievales. Y en \u00dabeda, disfrutar\u00e1 con la Plaza V\u00e1zquez de Molina, la Plaza del Mercado y el Real, as\u00ed como con sus palacios renacentistas.<\/strong><\/p><ul><li><strong>Duraci\u00f3n aproximada: 2\u00b415\u201d cada ciudad<\/strong><\/li><li><strong>Horario recomendado de inicio: ma\u00f1ana 10:30 y tarde 16:30(invierno) y 17:30 (verano)<\/strong><\/li><li><strong>Precio: <span style=\"font-family: impact;\">22,50 \u20ac\/persona<\/span>, (Ni\u00f1os menores de 12 a\u00f1os, gratis excepto entradas a monumentos). Incluidas entradas a Catedral de Baeza + Bas\u00edlica de Santa Mar\u00eda y Capilla del Salvador de \u00dabeda.<\/strong><\/li><li><strong>Reservas previa concertaci\u00f3n.<\/strong><\/li><li><strong>Puede realizar sus visitas guiadas en el mismo d\u00eda, o en d\u00edas diferentes, siempre que tengamos disponibilidad.<\/strong><\/li><li><strong>En Baeza: Paseo de la Constituci\u00f3n, junto al quiosco de la m\u00fasica.\u00a0\u00a0 <\/strong><\/li><\/ul>\t\t\t\t\t<\/div>\n\t\t\t\t\t\t<\/div>\n\t\t\t\t<\/div>\n\t\t\t\t<div class=\"elementor-element elementor-element-f0fe707 elementor-widget elementor-widget-google_maps\" data-id=\"f0fe707\" data-element_type=\"widget\" data-widget_type=\"google_maps.default\">\n\t\t\t\t<div class=\"elementor-widget-container\">\n\t\t\t\t\t<div class=\"elementor-custom-embed\">\n\t\t\t<iframe frameborder=\"0\" scrolling=\"no\" marginheight=\"0\" marginwidth=\"0\"\n\t\t\t\t\tsrc=\"https:\/\/maps.google.com\/maps?q=Plaza%20de%20la%20Constituci%C3%B3n%2C%2023440%20Baeza%2C%20Ja%C3%A9n&#038;t=m&#038;z=17&#038;output=embed&#038;iwloc=near\"\n\t\t\t\t\ttitle=\"Plaza de la Constituci\u00f3n, 23440 Baeza, Ja\u00e9n\"\n\t\t\t\t\taria-label=\"Plaza de la Constituci\u00f3n, 23440 Baeza, Ja\u00e9n\"\n\t\t\t><\/iframe>\n\t\t<\/div>\n\t\t\t\t<\/div>\n\t\t\t\t<\/div>\n\t\t\t\t\t\t<\/div>\n\t\t\t\t\t<\/div>\n\t\t<\/div>\n\t\t\t\t\t\t\t\t<\/div>\n\t\t\t\t\t<\/div>\n\t\t<\/section>\n\t\t\t\t<section class=\"elementor-section elementor-top-section elementor-element elementor-element-e09b7c5 elementor-section-boxed elementor-section-height-default elementor-section-height-default stylepress-section-color-normal\" data-id=\"e09b7c5\" data-element_type=\"section\">\n\t\t\t\t\t\t<div class=\"elementor-container elementor-column-gap-default\">\n\t\t\t\t\t\t\t<div class=\"elementor-row\">\n\t\t\t\t\t<div class=\"elementor-column elementor-col-100 elementor-top-column elementor-element elementor-element-67b2780\" data-id=\"67b2780\" data-element_type=\"column\">\n\t\t\t<div class=\"elementor-column-wrap elementor-element-populated\">\n\t\t\t\t\t\t\t<div class=\"elementor-widget-wrap\">\n\t\t\t\t\t\t<div class=\"elementor-element elementor-element-a9a0c9a elementor-widget elementor-widget-text-editor\" data-id=\"a9a0c9a\" data-element_type=\"widget\" data-widget_type=\"text-editor.default\">\n\t\t\t\t<div class=\"elementor-widget-container\">\n\t\t\t\t\t\t\t\t<div class=\"elementor-text-editor elementor-clearfix\">\n\t\t\t\t<ul><li><strong>En \u00dabeda: Plaza V\u00e1zquez de Molina, junto\u00a0 a la fuente central. <\/strong><\/li><\/ul>\t\t\t\t\t<\/div>\n\t\t\t\t\t\t<\/div>\n\t\t\t\t<\/div>\n\t\t\t\t\t\t<\/div>\n\t\t\t\t\t<\/div>\n\t\t<\/div>\n\t\t\t\t\t\t\t\t<\/div>\n\t\t\t\t\t<\/div>\n\t\t<\/section>\n\t\t\t\t<section class=\"elementor-section elementor-top-section elementor-element elementor-element-1f9240f elementor-section-boxed elementor-section-height-default elementor-section-height-default stylepress-section-color-normal\" data-id=\"1f9240f\" data-element_type=\"section\">\n\t\t\t\t\t\t<div class=\"elementor-container elementor-column-gap-default\">\n\t\t\t\t\t\t\t<div class=\"elementor-row\">\n\t\t\t\t\t<div class=\"elementor-column elementor-col-100 elementor-top-column elementor-element elementor-element-01ae66b\" data-id=\"01ae66b\" data-element_type=\"column\">\n\t\t\t<div class=\"elementor-column-wrap elementor-element-populated\">\n\t\t\t\t\t\t\t<div class=\"elementor-widget-wrap\">\n\t\t\t\t\t\t<div class=\"elementor-element elementor-element-3e35b6d elementor-widget elementor-widget-google_maps\" data-id=\"3e35b6d\" data-element_type=\"widget\" data-widget_type=\"google_maps.default\">\n\t\t\t\t<div class=\"elementor-widget-container\">\n\t\t\t\t\t<div class=\"elementor-custom-embed\">\n\t\t\t<iframe frameborder=\"0\" scrolling=\"no\" marginheight=\"0\" marginwidth=\"0\"\n\t\t\t\t\tsrc=\"https:\/\/maps.google.com\/maps?q=Plaza%20V%C3%A1zquez%20de%20Molina%2C%2023400%20%C3%9Abeda%2C%20Ja%C3%A9n&#038;t=m&#038;z=16&#038;output=embed&#038;iwloc=near\"\n\t\t\t\t\ttitle=\"Plaza V\u00e1zquez de Molina, 23400 \u00dabeda, Ja\u00e9n\"\n\t\t\t\t\taria-label=\"Plaza V\u00e1zquez de Molina, 23400 \u00dabeda, Ja\u00e9n\"\n\t\t\t><\/iframe>\n\t\t<\/div>\n\t\t\t\t<\/div>\n\t\t\t\t<\/div>\n\t\t\t\t\t\t<\/div>\n\t\t\t\t\t<\/div>\n\t\t<\/div>\n\t\t\t\t\t\t\t\t<\/div>\n\t\t\t\t\t<\/div>\n\t\t<\/section>\n\t\t\t\t<section class=\"elementor-section elementor-top-section elementor-element elementor-element-02d02aa elementor-section-boxed elementor-section-height-default elementor-section-height-default stylepress-section-color-normal\" data-id=\"02d02aa\" data-element_type=\"section\">\n\t\t\t\t\t\t<div class=\"elementor-container elementor-column-gap-default\">\n\t\t\t\t\t\t\t<div class=\"elementor-row\">\n\t\t\t\t\t<div class=\"elementor-column elementor-col-100 elementor-top-column elementor-element elementor-element-8f61c02\" data-id=\"8f61c02\" data-element_type=\"column\">\n\t\t\t<div class=\"elementor-column-wrap elementor-element-populated\">\n\t\t\t\t\t\t\t<div class=\"elementor-widget-wrap\">\n\t\t\t\t\t\t<div class=\"elementor-element elementor-element-5fefd9b elementor-widget elementor-widget-image-gallery\" data-id=\"5fefd9b\" data-element_type=\"widget\" data-widget_type=\"image-gallery.default\">\n\t\t\t\t<div class=\"elementor-widget-container\">\n\t\t\t\t\t<div class=\"elementor-image-gallery\">\n\t\t\t<div id='gallery-1' class='gallery galleryid-405 gallery-columns-3 gallery-size-medium'><figure class='gallery-item'>\n\t\t\t<div class='gallery-icon landscape'>\n\t\t\t\t<a data-elementor-open-lightbox=\"yes\" data-elementor-lightbox-slideshow=\"5fefd9b\" data-elementor-lightbox-title=\"IMG-20160124-WA0012\" e-action-hash=\"#elementor-action%3Aaction%3Dlightbox%26settings%3DeyJpZCI6MjE3LCJ1cmwiOiJodHRwczpcL1wvYWJzaWRldHVyaXNtby5jb21cL3dwLWNvbnRlbnRcL3VwbG9hZHNcLzIwMjBcLzAxXC9JTUctMjAxNjAxMjQtV0EwMDEyLmpwZyIsInNsaWRlc2hvdyI6IjVmZWZkOWIifQ%3D%3D\" href='https:\/\/absideturismo.com\/wp-content\/uploads\/2020\/01\/IMG-20160124-WA0012.jpg'><img loading=\"lazy\" decoding=\"async\" width=\"300\" height=\"225\" src=\"https:\/\/absideturismo.com\/wp-content\/uploads\/2020\/01\/IMG-20160124-WA0012-300x225.jpg\" class=\"attachment-medium size-medium\" alt=\"\" srcset=\"https:\/\/absideturismo.com\/wp-content\/uploads\/2020\/01\/IMG-20160124-WA0012-300x225.jpg 300w, https:\/\/absideturismo.com\/wp-content\/uploads\/2020\/01\/IMG-20160124-WA0012-1024x768.jpg 1024w, https:\/\/absideturismo.com\/wp-content\/uploads\/2020\/01\/IMG-20160124-WA0012-768x576.jpg 768w, https:\/\/absideturismo.com\/wp-content\/uploads\/2020\/01\/IMG-20160124-WA0012-1536x1152.jpg 1536w, https:\/\/absideturismo.com\/wp-content\/uploads\/2020\/01\/IMG-20160124-WA0012.jpg 1600w\" sizes=\"auto, (max-width: 300px) 100vw, 300px\" \/><\/a>\n\t\t\t<\/div><\/figure><figure class='gallery-item'>\n\t\t\t<div class='gallery-icon portrait'>\n\t\t\t\t<a data-elementor-open-lightbox=\"yes\" data-elementor-lightbox-slideshow=\"5fefd9b\" data-elementor-lightbox-title=\"baeza 7\u00bafuente de santa mara\" e-action-hash=\"#elementor-action%3Aaction%3Dlightbox%26settings%3DeyJpZCI6MjA1LCJ1cmwiOiJodHRwczpcL1wvYWJzaWRldHVyaXNtby5jb21cL3dwLWNvbnRlbnRcL3VwbG9hZHNcLzIwMjBcLzAxXC9iYWV6YS03XHUwMGJhZnVlbnRlLWRlLXNhbnRhLW1hcmEuanBnIiwic2xpZGVzaG93IjoiNWZlZmQ5YiJ9\" href='https:\/\/absideturismo.com\/wp-content\/uploads\/2020\/01\/baeza-7\u00bafuente-de-santa-mara.jpg'><img loading=\"lazy\" decoding=\"async\" width=\"219\" height=\"300\" src=\"https:\/\/absideturismo.com\/wp-content\/uploads\/2020\/01\/baeza-7\u00bafuente-de-santa-mara-219x300.jpg\" class=\"attachment-medium size-medium\" alt=\"\" srcset=\"https:\/\/absideturismo.com\/wp-content\/uploads\/2020\/01\/baeza-7\u00bafuente-de-santa-mara-219x300.jpg 219w, https:\/\/absideturismo.com\/wp-content\/uploads\/2020\/01\/baeza-7\u00bafuente-de-santa-mara.jpg 416w\" sizes=\"auto, (max-width: 219px) 100vw, 219px\" \/><\/a>\n\t\t\t<\/div><\/figure><figure class='gallery-item'>\n\t\t\t<div class='gallery-icon landscape'>\n\t\t\t\t<a data-elementor-open-lightbox=\"yes\" data-elementor-lightbox-slideshow=\"5fefd9b\" data-elementor-lightbox-title=\"baeza 6\u00baEscalera Jabalquinto\" e-action-hash=\"#elementor-action%3Aaction%3Dlightbox%26settings%3DeyJpZCI6MjA0LCJ1cmwiOiJodHRwczpcL1wvYWJzaWRldHVyaXNtby5jb21cL3dwLWNvbnRlbnRcL3VwbG9hZHNcLzIwMjBcLzAxXC9iYWV6YS02XHUwMGJhRXNjYWxlcmEtSmFiYWxxdWludG8uanBnIiwic2xpZGVzaG93IjoiNWZlZmQ5YiJ9\" href='https:\/\/absideturismo.com\/wp-content\/uploads\/2020\/01\/baeza-6\u00baEscalera-Jabalquinto.jpg'><img loading=\"lazy\" decoding=\"async\" width=\"300\" height=\"225\" src=\"https:\/\/absideturismo.com\/wp-content\/uploads\/2020\/01\/baeza-6\u00baEscalera-Jabalquinto-300x225.jpg\" class=\"attachment-medium size-medium\" alt=\"\" srcset=\"https:\/\/absideturismo.com\/wp-content\/uploads\/2020\/01\/baeza-6\u00baEscalera-Jabalquinto-300x225.jpg 300w, https:\/\/absideturismo.com\/wp-content\/uploads\/2020\/01\/baeza-6\u00baEscalera-Jabalquinto.jpg 632w\" sizes=\"auto, (max-width: 300px) 100vw, 300px\" \/><\/a>\n\t\t\t<\/div><\/figure>\n\t\t<\/div>\n\t\t<\/div>\n\t\t\t\t<\/div>\n\t\t\t\t<\/div>\n\t\t\t\t\t\t<\/div>\n\t\t\t\t\t<\/div>\n\t\t<\/div>\n\t\t\t\t\t\t\t\t<\/div>\n\t\t\t\t\t<\/div>\n\t\t<\/section>\n\t\t\t\t<section class=\"elementor-section elementor-top-section elementor-element elementor-element-810153a elementor-section-boxed elementor-section-height-default elementor-section-height-default stylepress-section-color-normal\" data-id=\"810153a\" data-element_type=\"section\" data-settings=\"{&quot;background_background&quot;:&quot;gradient&quot;}\">\n\t\t\t\t\t\t<div class=\"elementor-container elementor-column-gap-default\">\n\t\t\t\t\t\t\t<div class=\"elementor-row\">\n\t\t\t\t\t<div class=\"elementor-column elementor-col-100 elementor-top-column elementor-element elementor-element-373d40e\" data-id=\"373d40e\" data-element_type=\"column\">\n\t\t\t<div class=\"elementor-column-wrap elementor-element-populated\">\n\t\t\t\t\t\t\t<div class=\"elementor-widget-wrap\">\n\t\t\t\t\t\t<div class=\"elementor-element elementor-element-640105d elementor-widget elementor-widget-text-editor\" data-id=\"640105d\" data-element_type=\"widget\" data-widget_type=\"text-editor.default\">\n\t\t\t\t<div class=\"elementor-widget-container\">\n\t\t\t\t\t\t\t\t<div class=\"elementor-text-editor elementor-clearfix\">\n\t\t\t\t<a href=\"https:\/\/absideturismo.com\/index.php\/politica-de-cookies\/\">Politicas de cookies<\/a> | <a href=\"https:\/\/absideturismo.com\/index.php\/mas-informacion-sobre-las-cookies\/\">M\u00e1s informaci\u00f3n sobre las cookies<\/a>\t\t\t\t\t<\/div>\n\t\t\t\t\t\t<\/div>\n\t\t\t\t<\/div>\n\t\t\t\t<div class=\"elementor-element elementor-element-e057aff elementor-shape-circle elementor-grid-0 e-grid-align-center elementor-widget elementor-widget-social-icons\" data-id=\"e057aff\" data-element_type=\"widget\" data-widget_type=\"social-icons.default\">\n\t\t\t\t<div class=\"elementor-widget-container\">\n\t\t\t\t\t<div class=\"elementor-social-icons-wrapper elementor-grid\">\n\t\t\t\t\t\t\t<span class=\"elementor-grid-item\">\n\t\t\t\t\t<a class=\"elementor-icon elementor-social-icon elementor-social-icon-facebook elementor-repeater-item-6e3792e\" target=\"_blank\">\n\t\t\t\t\t\t<span class=\"elementor-screen-only\">Facebook<\/span>\n\t\t\t\t\t\t<i class=\"fab fa-facebook\"><\/i>\t\t\t\t\t<\/a>\n\t\t\t\t<\/span>\n\t\t\t\t\t\t\t<span class=\"elementor-grid-item\">\n\t\t\t\t\t<a class=\"elementor-icon elementor-social-icon elementor-social-icon-twitter elementor-repeater-item-379b679\" target=\"_blank\">\n\t\t\t\t\t\t<span class=\"elementor-screen-only\">Twitter<\/span>\n\t\t\t\t\t\t<i class=\"fab fa-twitter\"><\/i>\t\t\t\t\t<\/a>\n\t\t\t\t<\/span>\n\t\t\t\t\t<\/div>\n\t\t\t\t<\/div>\n\t\t\t\t<\/div>\n\t\t\t\t<div class=\"elementor-element elementor-element-cbf57d1 elementor-widget elementor-widget-text-editor\" data-id=\"cbf57d1\" data-element_type=\"widget\" data-widget_type=\"text-editor.default\">\n\t\t\t\t<div class=\"elementor-widget-container\">\n\t\t\t\t\t\t\t\t<div class=\"elementor-text-editor elementor-clearfix\">\n\t\t\t\t<p><a href=\"https:\/\/www.imslinares.es\/\" target=\"_blank\" rel=\"noopener\">Copyright I.M.S. LINARES <\/a><\/p>\t\t\t\t\t<\/div>\n\t\t\t\t\t\t<\/div>\n\t\t\t\t<\/div>\n\t\t\t\t\t\t<\/div>\n\t\t\t\t\t<\/div>\n\t\t<\/div>\n\t\t\t\t\t\t\t\t<\/div>\n\t\t\t\t\t<\/div>\n\t\t<\/section>\n\t\t\t\t\t\t<\/div>\n\t\t\t\t\t\t<\/div>\n\t\t\t\t\t<\/div>\n\t\t","protected":false},"excerpt":{"rendered":"<p>\u00c1bside Turismo\u200b Menu Inicio Bienvenidos Visita individual Ubeda Baeza Baeza + \u00dabeda Visitas Grupos Ja\u00e9n Cazorla Ba\u00f1os Sabiote Contacto Comentarios 679 66 46 25 953 74 33 36 Baeza + \u00dabeda Las dos ciudades hermanas desde hace siglos, se encuentran la una de la otra a tan s\u00f3lo 9 kil\u00f3metros de distancia. Ambas fueron declaradas [&hellip;]<\/p>\n","protected":false},"author":1,"featured_media":0,"parent":0,"menu_order":0,"comment_status":"closed","ping_status":"closed","template":"elementor_canvas","meta":{"_joinchat":[],"footnotes":""},"class_list":["post-405","page","type-page","status-publish","hentry"],"jetpack_sharing_enabled":true,"_links":{"self":[{"href":"https:\/\/absideturismo.com\/index.php\/wp-json\/wp\/v2\/pages\/405","targetHints":{"allow":["GET"]}}],"collection":[{"href":"https:\/\/absideturismo.com\/index.php\/wp-json\/wp\/v2\/pages"}],"about":[{"href":"https:\/\/absideturismo.com\/index.php\/wp-json\/wp\/v2\/types\/page"}],"author":[{"embeddable":true,"href":"https:\/\/absideturismo.com\/index.php\/wp-json\/wp\/v2\/users\/1"}],"replies":[{"embeddable":true,"href":"https:\/\/absideturismo.com\/index.php\/wp-json\/wp\/v2\/comments?post=405"}],"version-history":[{"count":23,"href":"https:\/\/absideturismo.com\/index.php\/wp-json\/wp\/v2\/pages\/405\/revisions"}],"predecessor-version":[{"id":616,"href":"https:\/\/absideturismo.com\/index.php\/wp-json\/wp\/v2\/pages\/405\/revisions\/616"}],"wp:attachment":[{"href":"https:\/\/absideturismo.com\/index.php\/wp-json\/wp\/v2\/media?parent=405"}],"curies":[{"name":"wp","href":"https:\/\/api.w.org\/{rel}","templated":true}]}}