{"id":123,"date":"2020-01-20T09:38:54","date_gmt":"2020-01-20T09:38:54","guid":{"rendered":"https:\/\/absideturismo.com\/?page_id=123"},"modified":"2021-09-06T11:06:36","modified_gmt":"2021-09-06T11:06:36","slug":"sabiote","status":"publish","type":"page","link":"https:\/\/absideturismo.com\/index.php\/sabiote\/","title":{"rendered":"Sabiote"},"content":{"rendered":"\t\t<div data-elementor-type=\"wp-page\" data-elementor-id=\"123\" class=\"elementor elementor-123\" data-elementor-settings=\"[]\">\n\t\t\t\t\t\t<div class=\"elementor-inner\">\n\t\t\t\t\t\t\t<div class=\"elementor-section-wrap\">\n\t\t\t\t\t\t\t<section class=\"elementor-section elementor-top-section elementor-element elementor-element-9141a61 elementor-section-full_width elementor-section-height-default elementor-section-height-default stylepress-section-color-normal\" data-id=\"9141a61\" data-element_type=\"section\">\n\t\t\t\t\t\t<div class=\"elementor-container elementor-column-gap-default\">\n\t\t\t\t\t\t\t<div class=\"elementor-row\">\n\t\t\t\t\t<div class=\"elementor-column elementor-col-33 elementor-top-column elementor-element elementor-element-58f551f\" data-id=\"58f551f\" data-element_type=\"column\">\n\t\t\t<div class=\"elementor-column-wrap elementor-element-populated\">\n\t\t\t\t\t\t\t<div class=\"elementor-widget-wrap\">\n\t\t\t\t\t\t<div class=\"elementor-element elementor-element-d678c04 elementor-position-left stylepress-image-size-thumbnail elementor-vertical-align-middle elementor-widget elementor-widget-image-box\" data-id=\"d678c04\" data-element_type=\"widget\" data-widget_type=\"image-box.default\">\n\t\t\t\t<div class=\"elementor-widget-container\">\n\t\t\t<div class=\"elementor-image-box-wrapper\"><figure class=\"elementor-image-box-img\"><img decoding=\"async\" src=\"https:\/\/absideturismo.com\/wp-content\/uploads\/elementor\/thumbs\/logo-qofggpg2d045y8mpjr48zrtfxm1dt5oav7vw4a8zk0.png\" title=\"logo\" alt=\"logo\" \/><\/figure><div class=\"elementor-image-box-content\"><h3 class=\"elementor-image-box-title\">\u00c1bside Turismo\u200b<\/h3><\/div><\/div>\t\t<\/div>\n\t\t\t\t<\/div>\n\t\t\t\t\t\t<\/div>\n\t\t\t\t\t<\/div>\n\t\t<\/div>\n\t\t\t\t<div class=\"elementor-column elementor-col-33 elementor-top-column elementor-element elementor-element-7f3548c\" data-id=\"7f3548c\" data-element_type=\"column\">\n\t\t\t<div class=\"elementor-column-wrap elementor-element-populated\">\n\t\t\t\t\t\t\t<div class=\"elementor-widget-wrap\">\n\t\t\t\t\t\t<div class=\"elementor-element elementor-element-ab79162 elementor-widget elementor-widget-dtbaker_wp_menu\" data-id=\"ab79162\" data-element_type=\"widget\" data-widget_type=\"dtbaker_wp_menu.default\">\n\t\t\t\t<div class=\"elementor-widget-container\">\n\t\t\t\t\t<div class=\"stylepress-nav-menu-placeholder\"><\/div>\n\t\t<div\n\t\t\tclass=\"stylepress-nav-menu\">\n\t\t\t\t\t\t\t<div class=\"stylepress-nav-wrapper\">\n\t\t\t\t\t\t\t\t\t\t\t<div class=\"stylepress-nav-menuitems\">\n\t\t\t\t\t\t\t<nav itemtype=\"http:\/\/schema.org\/SiteNavigationElement\" itemscope=\"itemscope\"\n\t\t\t\t\t\t\t     class=\"stylepress-main-navigation\">\n\t\t\t\t\t\t\t\t<button class=\"stylepress-menu-toggle\" aria-controls=\"ab79162-menu\"\n\t\t\t\t\t\t\t\t        aria-expanded=\"false\">\n\t\t\t\t\t\t\t\t\t<span class=\"stylepress-mobile-menu\">Menu<\/span>\n\t\t\t\t\t\t\t\t<\/button>\n\t\t\t\t\t\t\t\t<div id=\"ab79162-menu\" class=\"stylepress-inside-navigation\">\n\t\t\t\t\t\t\t\t\t<div id=\"primary-menu\" class=\"main-nav stylepress_menu\"><ul id=\"menu-menu-principal\" class=\" \"><li class=\"menu-item menu-item-type-post_type menu-item-object-page menu-item-home\"><a href=\"https:\/\/absideturismo.com\/\">Inicio<\/a><\/li>\n<li class=\"menu-item menu-item-type-post_type menu-item-object-page\"><a href=\"https:\/\/absideturismo.com\/index.php\/bienvenidos\/\">Bienvenidos<\/a><\/li>\n<li class=\"menu-item menu-item-type-custom menu-item-object-custom menu-item-has-children\"><a href=\"#\">Visita individual<span role=\"button\" class=\"dropdown-menu-toggle\" aria-expanded=\"false\"><\/span><\/a>\n<ul>\n<li class=\"menu-item menu-item-type-post_type menu-item-object-page\"><a href=\"https:\/\/absideturismo.com\/index.php\/ubeda\/\">Ubeda<\/a><\/li>\n<li class=\"menu-item menu-item-type-post_type menu-item-object-page\"><a href=\"https:\/\/absideturismo.com\/index.php\/baeza\/\">Baeza<\/a><\/li>\n<li class=\"menu-item menu-item-type-post_type menu-item-object-page\"><a href=\"https:\/\/absideturismo.com\/index.php\/baeza-ubeda\/\">Baeza + \u00dabeda<\/a><\/li>\n\n<\/ul>\n\n\n\n <!-- end level 0  --> \n\n\n<\/li>\n<li class=\"menu-item menu-item-type-custom menu-item-object-custom menu-item-has-children\"><a href=\"#\">Visitas Grupos<span role=\"button\" class=\"dropdown-menu-toggle\" aria-expanded=\"false\"><\/span><\/a>\n<ul>\n<li class=\"menu-item menu-item-type-post_type menu-item-object-page\"><a href=\"https:\/\/absideturismo.com\/index.php\/jaen\/\">Ja\u00e9n<\/a><\/li>\n<li class=\"menu-item menu-item-type-post_type menu-item-object-page\"><a href=\"https:\/\/absideturismo.com\/index.php\/cazorla\/\">Cazorla<\/a><\/li>\n<li class=\"menu-item menu-item-type-post_type menu-item-object-page\"><a href=\"https:\/\/absideturismo.com\/index.php\/banos\/\">Ba\u00f1os<\/a><\/li>\n<li class=\"menu-item menu-item-type-post_type menu-item-object-page\"><a href=\"https:\/\/absideturismo.com\/index.php\/sabiote\/\">Sabiote<\/a><\/li>\n\n<\/ul>\n\n\n\n <!-- end level 0  --> \n\n\n<\/li>\n<li class=\"menu-item menu-item-type-post_type menu-item-object-page\"><a href=\"https:\/\/absideturismo.com\/index.php\/contacto\/\">Contacto<\/a><\/li>\n<li class=\"menu-item menu-item-type-post_type menu-item-object-post\"><a href=\"https:\/\/absideturismo.com\/index.php\/2020\/01\/08\/hello-world\/\">Comentarios<\/a><\/li>\n<\/ul><\/div>\t\t\t\t\t\t\t\t<\/div><!-- .inside-navigation -->\n\t\t\t\t\t\t\t<\/nav><!-- #site-navigation -->\n\t\t\t\t\t\t<\/div>\n\t\t\t\t\t\t\t\t\t<\/div>\n\t\t\t\t\t\t<\/div>\n\t\t\t\t<\/div>\n\t\t\t\t<\/div>\n\t\t\t\t\t\t<\/div>\n\t\t\t\t\t<\/div>\n\t\t<\/div>\n\t\t\t\t<div class=\"elementor-column elementor-col-33 elementor-top-column elementor-element elementor-element-8ad7147\" data-id=\"8ad7147\" data-element_type=\"column\">\n\t\t\t<div class=\"elementor-column-wrap elementor-element-populated\">\n\t\t\t\t\t\t\t<div class=\"elementor-widget-wrap\">\n\t\t\t\t\t\t<div class=\"elementor-element elementor-element-d23f303 elementor-position-left elementor-view-default elementor-vertical-align-top elementor-widget elementor-widget-icon-box\" data-id=\"d23f303\" data-element_type=\"widget\" data-widget_type=\"icon-box.default\">\n\t\t\t\t<div class=\"elementor-widget-container\">\n\t\t\t\t\t<div class=\"elementor-icon-box-wrapper\">\n\t\t\t\t\t\t<div class=\"elementor-icon-box-icon\">\n\t\t\t\t<span class=\"elementor-icon elementor-animation-\" >\n\t\t\t\t<i aria-hidden=\"true\" class=\"fas fa-phone-alt\"><\/i>\t\t\t\t<\/span>\n\t\t\t<\/div>\n\t\t\t\t\t\t<div class=\"elementor-icon-box-content\">\n\t\t\t\t<h3 class=\"elementor-icon-box-title\">\n\t\t\t\t\t<span  >\n\t\t\t\t\t\t\t\t\t\t\t<\/span>\n\t\t\t\t<\/h3>\n\t\t\t\t\t\t\t\t\t<p class=\"elementor-icon-box-description\">\n\t\t\t\t\t\t679 66 46 25<br\/>\n953 74 33 36\t\t\t\t\t<\/p>\n\t\t\t\t\t\t\t<\/div>\n\t\t<\/div>\n\t\t\t\t<\/div>\n\t\t\t\t<\/div>\n\t\t\t\t\t\t<\/div>\n\t\t\t\t\t<\/div>\n\t\t<\/div>\n\t\t\t\t\t\t\t\t<\/div>\n\t\t\t\t\t<\/div>\n\t\t<\/section>\n\t\t\t\t<section class=\"elementor-section elementor-top-section elementor-element elementor-element-06e627f elementor-section-boxed elementor-section-height-default elementor-section-height-default stylepress-section-color-normal\" data-id=\"06e627f\" data-element_type=\"section\">\n\t\t\t\t\t\t<div class=\"elementor-container elementor-column-gap-default\">\n\t\t\t\t\t\t\t<div class=\"elementor-row\">\n\t\t\t\t\t<div class=\"elementor-column elementor-col-100 elementor-top-column elementor-element elementor-element-c26a624\" data-id=\"c26a624\" data-element_type=\"column\">\n\t\t\t<div class=\"elementor-column-wrap elementor-element-populated\">\n\t\t\t\t\t\t\t<div class=\"elementor-widget-wrap\">\n\t\t\t\t\t\t<div class=\"elementor-element elementor-element-bfe1d2a elementor-widget elementor-widget-heading\" data-id=\"bfe1d2a\" data-element_type=\"widget\" data-widget_type=\"heading.default\">\n\t\t\t\t<div class=\"elementor-widget-container\">\n\t\t\t<h1 class=\"elementor-heading-title elementor-size-default\">Sabiote <\/h1>\t\t<\/div>\n\t\t\t\t<\/div>\n\t\t\t\t<div class=\"elementor-element elementor-element-d8201a6 elementor-widget elementor-widget-text-editor\" data-id=\"d8201a6\" data-element_type=\"widget\" data-widget_type=\"text-editor.default\">\n\t\t\t\t<div class=\"elementor-widget-container\">\n\t\t\t\t\t\t\t\t<div class=\"elementor-text-editor elementor-clearfix\">\n\t\t\t\t<p><strong>A tan s\u00f3lo 7 kil\u00f3metros de \u00dabeda, se encuentra Sabiote, conformando el llamado Tri\u00e1ngulo Renacentista de La Loma, junto con Baeza.\u00a0 El casco hist\u00f3rico se encuentra rodeado de una magn\u00edfica muralla, en la que destaca el espl\u00e9ndido Castillo, obra de Andr\u00e9s de Vandelvira, y monumento m\u00e1s emblem\u00e1tico de la localidad. Tambi\u00e9n destaca la iglesia parroquial de San Pedro, y la ermita de San Gin\u00e9s, patr\u00f3n de la villa.<\/strong><\/p><p><strong>Es tambi\u00e9n una oportunidad para descubrir el antiguo barrio del Albaic\u00edn, con callejas estrechas, sus casonas llenas de escudos nobles y los miradores hacia el paisaje de olivar.<\/strong><\/p><ul><li><strong>Duraci\u00f3n aproximada: 2` 15\u201d<\/strong><\/li><li><strong>Hora recomendada de inicio: 10:30 h y 16:30 (invierno) y 17:30 (verano)<\/strong><\/li><li><strong>Punto de encuentro: Aparcamiento del bus tur\u00edstico.<\/strong><\/li><li><strong>Precio: Cons\u00faltenos<\/strong><\/li><li><strong>Reservas previa concertaci\u00f3n<\/strong><\/li><\/ul>\t\t\t\t\t<\/div>\n\t\t\t\t\t\t<\/div>\n\t\t\t\t<\/div>\n\t\t\t\t\t\t<\/div>\n\t\t\t\t\t<\/div>\n\t\t<\/div>\n\t\t\t\t\t\t\t\t<\/div>\n\t\t\t\t\t<\/div>\n\t\t<\/section>\n\t\t\t\t<section class=\"elementor-section elementor-top-section elementor-element elementor-element-cfa2d14 elementor-section-boxed elementor-section-height-default elementor-section-height-default stylepress-section-color-normal\" data-id=\"cfa2d14\" data-element_type=\"section\">\n\t\t\t\t\t\t<div class=\"elementor-container elementor-column-gap-default\">\n\t\t\t\t\t\t\t<div class=\"elementor-row\">\n\t\t\t\t\t<div class=\"elementor-column elementor-col-100 elementor-top-column elementor-element elementor-element-6231a4e\" data-id=\"6231a4e\" data-element_type=\"column\">\n\t\t\t<div class=\"elementor-column-wrap elementor-element-populated\">\n\t\t\t\t\t\t\t<div class=\"elementor-widget-wrap\">\n\t\t\t\t\t\t<div class=\"elementor-element elementor-element-33e9797 elementor-widget elementor-widget-image-gallery\" data-id=\"33e9797\" data-element_type=\"widget\" data-widget_type=\"image-gallery.default\">\n\t\t\t\t<div class=\"elementor-widget-container\">\n\t\t\t\t\t<div class=\"elementor-image-gallery\">\n\t\t\t<div id='gallery-1' class='gallery galleryid-123 gallery-columns-4 gallery-size-medium'><figure class='gallery-item'>\n\t\t\t<div class='gallery-icon portrait'>\n\t\t\t\t<a data-elementor-open-lightbox=\"yes\" data-elementor-lightbox-slideshow=\"33e9797\" data-elementor-lightbox-title=\"PENTAX Image\" e-action-hash=\"#elementor-action%3Aaction%3Dlightbox%26settings%3DeyJpZCI6Mjg0LCJ1cmwiOiJodHRwczpcL1wvYWJzaWRldHVyaXNtby5jb21cL3dwLWNvbnRlbnRcL3VwbG9hZHNcLzIwMjBcLzAxXC9zYWJpb3Rlcy1hcmNvLWVzcXVpbmEtZGVzaWd1YWwuanBnIiwic2xpZGVzaG93IjoiMzNlOTc5NyJ9\" href='https:\/\/absideturismo.com\/wp-content\/uploads\/2020\/01\/sabiotes-arco-esquina-desigual.jpg'><img loading=\"lazy\" decoding=\"async\" width=\"225\" height=\"300\" src=\"https:\/\/absideturismo.com\/wp-content\/uploads\/2020\/01\/sabiotes-arco-esquina-desigual-225x300.jpg\" class=\"attachment-medium size-medium\" alt=\"\" srcset=\"https:\/\/absideturismo.com\/wp-content\/uploads\/2020\/01\/sabiotes-arco-esquina-desigual-225x300.jpg 225w, https:\/\/absideturismo.com\/wp-content\/uploads\/2020\/01\/sabiotes-arco-esquina-desigual.jpg 284w\" sizes=\"auto, (max-width: 225px) 100vw, 225px\" \/><\/a>\n\t\t\t<\/div><\/figure><figure class='gallery-item'>\n\t\t\t<div class='gallery-icon portrait'>\n\t\t\t\t<a data-elementor-open-lightbox=\"yes\" data-elementor-lightbox-slideshow=\"33e9797\" data-elementor-lightbox-title=\"PENTAX Image\" e-action-hash=\"#elementor-action%3Aaction%3Dlightbox%26settings%3DeyJpZCI6Mjg1LCJ1cmwiOiJodHRwczpcL1wvYWJzaWRldHVyaXNtby5jb21cL3dwLWNvbnRlbnRcL3VwbG9hZHNcLzIwMjBcLzAxXC9zYWJpb3Rlcy1hcmNvLXNhbi1taWd1ZWwuanBnIiwic2xpZGVzaG93IjoiMzNlOTc5NyJ9\" href='https:\/\/absideturismo.com\/wp-content\/uploads\/2020\/01\/sabiotes-arco-san-miguel.jpg'><img loading=\"lazy\" decoding=\"async\" width=\"225\" height=\"300\" src=\"https:\/\/absideturismo.com\/wp-content\/uploads\/2020\/01\/sabiotes-arco-san-miguel-225x300.jpg\" class=\"attachment-medium size-medium\" alt=\"\" srcset=\"https:\/\/absideturismo.com\/wp-content\/uploads\/2020\/01\/sabiotes-arco-san-miguel-225x300.jpg 225w, https:\/\/absideturismo.com\/wp-content\/uploads\/2020\/01\/sabiotes-arco-san-miguel.jpg 284w\" sizes=\"auto, (max-width: 225px) 100vw, 225px\" \/><\/a>\n\t\t\t<\/div><\/figure><figure class='gallery-item'>\n\t\t\t<div class='gallery-icon landscape'>\n\t\t\t\t<a data-elementor-open-lightbox=\"yes\" data-elementor-lightbox-slideshow=\"33e9797\" data-elementor-lightbox-title=\"PENTAX Image\" e-action-hash=\"#elementor-action%3Aaction%3Dlightbox%26settings%3DeyJpZCI6MjgyLCJ1cmwiOiJodHRwczpcL1wvYWJzaWRldHVyaXNtby5jb21cL3dwLWNvbnRlbnRcL3VwbG9hZHNcLzIwMjBcLzAxXC9wdWVydGEteS1hbG1lbmFzLTEuanBnIiwic2xpZGVzaG93IjoiMzNlOTc5NyJ9\" href='https:\/\/absideturismo.com\/wp-content\/uploads\/2020\/01\/puerta-y-almenas-1.jpg'><img loading=\"lazy\" decoding=\"async\" width=\"300\" height=\"225\" src=\"https:\/\/absideturismo.com\/wp-content\/uploads\/2020\/01\/puerta-y-almenas-1-300x225.jpg\" class=\"attachment-medium size-medium\" alt=\"\" srcset=\"https:\/\/absideturismo.com\/wp-content\/uploads\/2020\/01\/puerta-y-almenas-1-300x225.jpg 300w, https:\/\/absideturismo.com\/wp-content\/uploads\/2020\/01\/puerta-y-almenas-1.jpg 370w\" sizes=\"auto, (max-width: 300px) 100vw, 300px\" \/><\/a>\n\t\t\t<\/div><\/figure><figure class='gallery-item'>\n\t\t\t<div class='gallery-icon portrait'>\n\t\t\t\t<a data-elementor-open-lightbox=\"yes\" data-elementor-lightbox-slideshow=\"33e9797\" data-elementor-lightbox-title=\"PENTAX Image\" e-action-hash=\"#elementor-action%3Aaction%3Dlightbox%26settings%3DeyJpZCI6MjgzLCJ1cmwiOiJodHRwczpcL1wvYWJzaWRldHVyaXNtby5jb21cL3dwLWNvbnRlbnRcL3VwbG9hZHNcLzIwMjBcLzAxXC9zYWJpb3RlLWFsbWVuYXMuanBnIiwic2xpZGVzaG93IjoiMzNlOTc5NyJ9\" href='https:\/\/absideturismo.com\/wp-content\/uploads\/2020\/01\/sabiote-almenas.jpg'><img loading=\"lazy\" decoding=\"async\" width=\"225\" height=\"300\" src=\"https:\/\/absideturismo.com\/wp-content\/uploads\/2020\/01\/sabiote-almenas-225x300.jpg\" class=\"attachment-medium size-medium\" alt=\"\" srcset=\"https:\/\/absideturismo.com\/wp-content\/uploads\/2020\/01\/sabiote-almenas-225x300.jpg 225w, https:\/\/absideturismo.com\/wp-content\/uploads\/2020\/01\/sabiote-almenas.jpg 284w\" sizes=\"auto, (max-width: 225px) 100vw, 225px\" \/><\/a>\n\t\t\t<\/div><\/figure>\n\t\t<\/div>\n\t\t<\/div>\n\t\t\t\t<\/div>\n\t\t\t\t<\/div>\n\t\t\t\t\t\t<\/div>\n\t\t\t\t\t<\/div>\n\t\t<\/div>\n\t\t\t\t\t\t\t\t<\/div>\n\t\t\t\t\t<\/div>\n\t\t<\/section>\n\t\t\t\t<section class=\"elementor-section elementor-top-section elementor-element elementor-element-a594611 elementor-section-boxed elementor-section-height-default elementor-section-height-default stylepress-section-color-normal\" data-id=\"a594611\" data-element_type=\"section\" data-settings=\"{&quot;background_background&quot;:&quot;gradient&quot;}\">\n\t\t\t\t\t\t<div class=\"elementor-container elementor-column-gap-default\">\n\t\t\t\t\t\t\t<div class=\"elementor-row\">\n\t\t\t\t\t<div class=\"elementor-column elementor-col-100 elementor-top-column elementor-element elementor-element-4b74539\" data-id=\"4b74539\" data-element_type=\"column\">\n\t\t\t<div class=\"elementor-column-wrap elementor-element-populated\">\n\t\t\t\t\t\t\t<div class=\"elementor-widget-wrap\">\n\t\t\t\t\t\t<div class=\"elementor-element elementor-element-be3a55b elementor-widget elementor-widget-spacer\" data-id=\"be3a55b\" data-element_type=\"widget\" data-widget_type=\"spacer.default\">\n\t\t\t\t<div class=\"elementor-widget-container\">\n\t\t\t\t\t<div class=\"elementor-spacer\">\n\t\t\t<div class=\"elementor-spacer-inner\"><\/div>\n\t\t<\/div>\n\t\t\t\t<\/div>\n\t\t\t\t<\/div>\n\t\t\t\t<div class=\"elementor-element elementor-element-1500dc4 elementor-widget elementor-widget-text-editor\" data-id=\"1500dc4\" data-element_type=\"widget\" data-widget_type=\"text-editor.default\">\n\t\t\t\t<div class=\"elementor-widget-container\">\n\t\t\t\t\t\t\t\t<div class=\"elementor-text-editor elementor-clearfix\">\n\t\t\t\t<a href=\"https:\/\/absideturismo.com\/index.php\/politica-de-cookies\/\">Politicas de cookies<\/a> | <a href=\"https:\/\/absideturismo.com\/index.php\/mas-informacion-sobre-las-cookies\/\">M\u00e1s informaci\u00f3n sobre las cookies<\/a>\t\t\t\t\t<\/div>\n\t\t\t\t\t\t<\/div>\n\t\t\t\t<\/div>\n\t\t\t\t<div class=\"elementor-element elementor-element-a47ce96 elementor-shape-circle elementor-grid-0 e-grid-align-center elementor-widget elementor-widget-social-icons\" data-id=\"a47ce96\" data-element_type=\"widget\" data-widget_type=\"social-icons.default\">\n\t\t\t\t<div class=\"elementor-widget-container\">\n\t\t\t\t\t<div class=\"elementor-social-icons-wrapper elementor-grid\">\n\t\t\t\t\t\t\t<span class=\"elementor-grid-item\">\n\t\t\t\t\t<a class=\"elementor-icon elementor-social-icon elementor-social-icon-facebook elementor-repeater-item-6e3792e\" target=\"_blank\">\n\t\t\t\t\t\t<span class=\"elementor-screen-only\">Facebook<\/span>\n\t\t\t\t\t\t<i class=\"fab fa-facebook\"><\/i>\t\t\t\t\t<\/a>\n\t\t\t\t<\/span>\n\t\t\t\t\t\t\t<span class=\"elementor-grid-item\">\n\t\t\t\t\t<a class=\"elementor-icon elementor-social-icon elementor-social-icon-twitter elementor-repeater-item-379b679\" target=\"_blank\">\n\t\t\t\t\t\t<span class=\"elementor-screen-only\">Twitter<\/span>\n\t\t\t\t\t\t<i class=\"fab fa-twitter\"><\/i>\t\t\t\t\t<\/a>\n\t\t\t\t<\/span>\n\t\t\t\t\t<\/div>\n\t\t\t\t<\/div>\n\t\t\t\t<\/div>\n\t\t\t\t<div class=\"elementor-element elementor-element-7175f50 elementor-widget elementor-widget-text-editor\" data-id=\"7175f50\" data-element_type=\"widget\" data-widget_type=\"text-editor.default\">\n\t\t\t\t<div class=\"elementor-widget-container\">\n\t\t\t\t\t\t\t\t<div class=\"elementor-text-editor elementor-clearfix\">\n\t\t\t\t<p><a href=\"https:\/\/www.imslinares.es\/\" target=\"_blank\" rel=\"noopener\">Copyright I.M.S. LINARES <\/a><\/p>\t\t\t\t\t<\/div>\n\t\t\t\t\t\t<\/div>\n\t\t\t\t<\/div>\n\t\t\t\t\t\t<\/div>\n\t\t\t\t\t<\/div>\n\t\t<\/div>\n\t\t\t\t\t\t\t\t<\/div>\n\t\t\t\t\t<\/div>\n\t\t<\/section>\n\t\t\t\t\t\t<\/div>\n\t\t\t\t\t\t<\/div>\n\t\t\t\t\t<\/div>\n\t\t","protected":false},"excerpt":{"rendered":"<p>\u00c1bside Turismo\u200b Menu Inicio Bienvenidos Visita individual Ubeda Baeza Baeza + \u00dabeda Visitas Grupos Ja\u00e9n Cazorla Ba\u00f1os Sabiote Contacto Comentarios 679 66 46 25 953 74 33 36 Sabiote A tan s\u00f3lo 7 kil\u00f3metros de \u00dabeda, se encuentra Sabiote, conformando el llamado Tri\u00e1ngulo Renacentista de La Loma, junto con Baeza.\u00a0 El casco hist\u00f3rico se encuentra [&hellip;]<\/p>\n","protected":false},"author":1,"featured_media":0,"parent":0,"menu_order":0,"comment_status":"closed","ping_status":"closed","template":"elementor_canvas","meta":{"_joinchat":[],"footnotes":""},"class_list":["post-123","page","type-page","status-publish","hentry"],"jetpack_sharing_enabled":true,"_links":{"self":[{"href":"https:\/\/absideturismo.com\/index.php\/wp-json\/wp\/v2\/pages\/123","targetHints":{"allow":["GET"]}}],"collection":[{"href":"https:\/\/absideturismo.com\/index.php\/wp-json\/wp\/v2\/pages"}],"about":[{"href":"https:\/\/absideturismo.com\/index.php\/wp-json\/wp\/v2\/types\/page"}],"author":[{"embeddable":true,"href":"https:\/\/absideturismo.com\/index.php\/wp-json\/wp\/v2\/users\/1"}],"replies":[{"embeddable":true,"href":"https:\/\/absideturismo.com\/index.php\/wp-json\/wp\/v2\/comments?post=123"}],"version-history":[{"count":27,"href":"https:\/\/absideturismo.com\/index.php\/wp-json\/wp\/v2\/pages\/123\/revisions"}],"predecessor-version":[{"id":581,"href":"https:\/\/absideturismo.com\/index.php\/wp-json\/wp\/v2\/pages\/123\/revisions\/581"}],"wp:attachment":[{"href":"https:\/\/absideturismo.com\/index.php\/wp-json\/wp\/v2\/media?parent=123"}],"curies":[{"name":"wp","href":"https:\/\/api.w.org\/{rel}","templated":true}]}}