{"id":117,"date":"2020-01-20T09:38:07","date_gmt":"2020-01-20T09:38:07","guid":{"rendered":"https:\/\/absideturismo.com\/?page_id=117"},"modified":"2021-09-06T11:04:38","modified_gmt":"2021-09-06T11:04:38","slug":"jaen","status":"publish","type":"page","link":"https:\/\/absideturismo.com\/index.php\/jaen\/","title":{"rendered":"Ja\u00e9n"},"content":{"rendered":"\t\t<div data-elementor-type=\"wp-page\" data-elementor-id=\"117\" class=\"elementor elementor-117\" data-elementor-settings=\"[]\">\n\t\t\t\t\t\t<div class=\"elementor-inner\">\n\t\t\t\t\t\t\t<div class=\"elementor-section-wrap\">\n\t\t\t\t\t\t\t<section class=\"elementor-section elementor-top-section elementor-element elementor-element-fb6d6ee elementor-section-full_width she-header-yes elementor-section-height-default elementor-section-height-default stylepress-section-color-normal\" data-id=\"fb6d6ee\" data-element_type=\"section\" data-settings=\"{&quot;transparent&quot;:&quot;yes&quot;,&quot;transparent_on&quot;:[&quot;desktop&quot;,&quot;tablet&quot;],&quot;background_show&quot;:&quot;yes&quot;,&quot;background&quot;:&quot;#FFFFCE&quot;,&quot;scroll_distance&quot;:{&quot;unit&quot;:&quot;px&quot;,&quot;size&quot;:60,&quot;sizes&quot;:[]},&quot;scroll_distance_tablet&quot;:{&quot;unit&quot;:&quot;px&quot;,&quot;size&quot;:&quot;&quot;,&quot;sizes&quot;:[]},&quot;scroll_distance_mobile&quot;:{&quot;unit&quot;:&quot;px&quot;,&quot;size&quot;:&quot;&quot;,&quot;sizes&quot;:[]}}\">\n\t\t\t\t\t\t<div class=\"elementor-container elementor-column-gap-default\">\n\t\t\t\t\t\t\t<div class=\"elementor-row\">\n\t\t\t\t\t<div class=\"elementor-column elementor-col-33 elementor-top-column elementor-element elementor-element-029946a\" data-id=\"029946a\" data-element_type=\"column\">\n\t\t\t<div class=\"elementor-column-wrap elementor-element-populated\">\n\t\t\t\t\t\t\t<div class=\"elementor-widget-wrap\">\n\t\t\t\t\t\t<div class=\"elementor-element elementor-element-e602d3f elementor-position-left stylepress-image-size-thumbnail elementor-vertical-align-middle elementor-widget elementor-widget-image-box\" data-id=\"e602d3f\" data-element_type=\"widget\" data-widget_type=\"image-box.default\">\n\t\t\t\t<div class=\"elementor-widget-container\">\n\t\t\t<div class=\"elementor-image-box-wrapper\"><figure class=\"elementor-image-box-img\"><img decoding=\"async\" src=\"https:\/\/absideturismo.com\/wp-content\/uploads\/elementor\/thumbs\/logo-qofggpg2d045y8mpjr48zrtfxm1dt5oav7vw4a8zk0.png\" title=\"logo\" alt=\"logo\" \/><\/figure><div class=\"elementor-image-box-content\"><h3 class=\"elementor-image-box-title\">\u00c1bside Turismo\u200b<\/h3><\/div><\/div>\t\t<\/div>\n\t\t\t\t<\/div>\n\t\t\t\t\t\t<\/div>\n\t\t\t\t\t<\/div>\n\t\t<\/div>\n\t\t\t\t<div class=\"elementor-column elementor-col-33 elementor-top-column elementor-element elementor-element-21fe70b\" data-id=\"21fe70b\" data-element_type=\"column\">\n\t\t\t<div class=\"elementor-column-wrap elementor-element-populated\">\n\t\t\t\t\t\t\t<div class=\"elementor-widget-wrap\">\n\t\t\t\t\t\t<div class=\"elementor-element elementor-element-26fdecb elementor-widget elementor-widget-dtbaker_wp_menu\" data-id=\"26fdecb\" data-element_type=\"widget\" data-widget_type=\"dtbaker_wp_menu.default\">\n\t\t\t\t<div class=\"elementor-widget-container\">\n\t\t\t\t\t<div class=\"stylepress-nav-menu-placeholder\"><\/div>\n\t\t<div\n\t\t\tclass=\"stylepress-nav-menu\">\n\t\t\t\t\t\t\t<div class=\"stylepress-nav-wrapper\">\n\t\t\t\t\t\t\t\t\t\t\t<div class=\"stylepress-nav-menuitems\">\n\t\t\t\t\t\t\t<nav itemtype=\"http:\/\/schema.org\/SiteNavigationElement\" itemscope=\"itemscope\"\n\t\t\t\t\t\t\t     class=\"stylepress-main-navigation\">\n\t\t\t\t\t\t\t\t<button class=\"stylepress-menu-toggle\" aria-controls=\"26fdecb-menu\"\n\t\t\t\t\t\t\t\t        aria-expanded=\"false\">\n\t\t\t\t\t\t\t\t\t<span class=\"stylepress-mobile-menu\">Menu<\/span>\n\t\t\t\t\t\t\t\t<\/button>\n\t\t\t\t\t\t\t\t<div id=\"26fdecb-menu\" class=\"stylepress-inside-navigation\">\n\t\t\t\t\t\t\t\t\t<div id=\"primary-menu\" class=\"main-nav stylepress_menu\"><ul id=\"menu-menu-principal\" class=\" \"><li class=\"menu-item menu-item-type-post_type menu-item-object-page menu-item-home\"><a href=\"https:\/\/absideturismo.com\/\">Inicio<\/a><\/li>\n<li class=\"menu-item menu-item-type-post_type menu-item-object-page\"><a href=\"https:\/\/absideturismo.com\/index.php\/bienvenidos\/\">Bienvenidos<\/a><\/li>\n<li class=\"menu-item menu-item-type-custom menu-item-object-custom menu-item-has-children\"><a href=\"#\">Visita individual<span role=\"button\" class=\"dropdown-menu-toggle\" aria-expanded=\"false\"><\/span><\/a>\n<ul>\n<li class=\"menu-item menu-item-type-post_type menu-item-object-page\"><a href=\"https:\/\/absideturismo.com\/index.php\/ubeda\/\">Ubeda<\/a><\/li>\n<li class=\"menu-item menu-item-type-post_type menu-item-object-page\"><a href=\"https:\/\/absideturismo.com\/index.php\/baeza\/\">Baeza<\/a><\/li>\n<li class=\"menu-item menu-item-type-post_type menu-item-object-page\"><a href=\"https:\/\/absideturismo.com\/index.php\/baeza-ubeda\/\">Baeza + \u00dabeda<\/a><\/li>\n\n<\/ul>\n\n\n\n <!-- end level 0  --> \n\n\n<\/li>\n<li class=\"menu-item menu-item-type-custom menu-item-object-custom menu-item-has-children\"><a href=\"#\">Visitas Grupos<span role=\"button\" class=\"dropdown-menu-toggle\" aria-expanded=\"false\"><\/span><\/a>\n<ul>\n<li class=\"menu-item menu-item-type-post_type menu-item-object-page\"><a href=\"https:\/\/absideturismo.com\/index.php\/jaen\/\">Ja\u00e9n<\/a><\/li>\n<li class=\"menu-item menu-item-type-post_type menu-item-object-page\"><a href=\"https:\/\/absideturismo.com\/index.php\/cazorla\/\">Cazorla<\/a><\/li>\n<li class=\"menu-item menu-item-type-post_type menu-item-object-page\"><a href=\"https:\/\/absideturismo.com\/index.php\/banos\/\">Ba\u00f1os<\/a><\/li>\n<li class=\"menu-item menu-item-type-post_type menu-item-object-page\"><a href=\"https:\/\/absideturismo.com\/index.php\/sabiote\/\">Sabiote<\/a><\/li>\n\n<\/ul>\n\n\n\n <!-- end level 0  --> \n\n\n<\/li>\n<li class=\"menu-item menu-item-type-post_type menu-item-object-page\"><a href=\"https:\/\/absideturismo.com\/index.php\/contacto\/\">Contacto<\/a><\/li>\n<li class=\"menu-item menu-item-type-post_type menu-item-object-post\"><a href=\"https:\/\/absideturismo.com\/index.php\/2020\/01\/08\/hello-world\/\">Comentarios<\/a><\/li>\n<\/ul><\/div>\t\t\t\t\t\t\t\t<\/div><!-- .inside-navigation -->\n\t\t\t\t\t\t\t<\/nav><!-- #site-navigation -->\n\t\t\t\t\t\t<\/div>\n\t\t\t\t\t\t\t\t\t<\/div>\n\t\t\t\t\t\t<\/div>\n\t\t\t\t<\/div>\n\t\t\t\t<\/div>\n\t\t\t\t\t\t<\/div>\n\t\t\t\t\t<\/div>\n\t\t<\/div>\n\t\t\t\t<div class=\"elementor-column elementor-col-33 elementor-top-column elementor-element elementor-element-da62005\" data-id=\"da62005\" data-element_type=\"column\">\n\t\t\t<div class=\"elementor-column-wrap elementor-element-populated\">\n\t\t\t\t\t\t\t<div class=\"elementor-widget-wrap\">\n\t\t\t\t\t\t<div class=\"elementor-element elementor-element-21205b4 elementor-position-left elementor-view-default elementor-vertical-align-top elementor-widget elementor-widget-icon-box\" data-id=\"21205b4\" data-element_type=\"widget\" data-widget_type=\"icon-box.default\">\n\t\t\t\t<div class=\"elementor-widget-container\">\n\t\t\t\t\t<div class=\"elementor-icon-box-wrapper\">\n\t\t\t\t\t\t<div class=\"elementor-icon-box-icon\">\n\t\t\t\t<span class=\"elementor-icon elementor-animation-\" >\n\t\t\t\t<i aria-hidden=\"true\" class=\"fas fa-phone-alt\"><\/i>\t\t\t\t<\/span>\n\t\t\t<\/div>\n\t\t\t\t\t\t<div class=\"elementor-icon-box-content\">\n\t\t\t\t<h3 class=\"elementor-icon-box-title\">\n\t\t\t\t\t<span  >\n\t\t\t\t\t\t\t\t\t\t\t<\/span>\n\t\t\t\t<\/h3>\n\t\t\t\t\t\t\t\t\t<p class=\"elementor-icon-box-description\">\n\t\t\t\t\t\t679 66 46 25<br\/>\n953 74 33 36\t\t\t\t\t<\/p>\n\t\t\t\t\t\t\t<\/div>\n\t\t<\/div>\n\t\t\t\t<\/div>\n\t\t\t\t<\/div>\n\t\t\t\t\t\t<\/div>\n\t\t\t\t\t<\/div>\n\t\t<\/div>\n\t\t\t\t\t\t\t\t<\/div>\n\t\t\t\t\t<\/div>\n\t\t<\/section>\n\t\t\t\t<section class=\"elementor-section elementor-top-section elementor-element elementor-element-911bf07 elementor-section-boxed elementor-section-height-default elementor-section-height-default stylepress-section-color-normal\" data-id=\"911bf07\" data-element_type=\"section\">\n\t\t\t\t\t\t<div class=\"elementor-container elementor-column-gap-default\">\n\t\t\t\t\t\t\t<div class=\"elementor-row\">\n\t\t\t\t\t<div class=\"elementor-column elementor-col-100 elementor-top-column elementor-element elementor-element-ff490cb\" data-id=\"ff490cb\" data-element_type=\"column\">\n\t\t\t<div class=\"elementor-column-wrap elementor-element-populated\">\n\t\t\t\t\t\t\t<div class=\"elementor-widget-wrap\">\n\t\t\t\t\t\t<div class=\"elementor-element elementor-element-31e8c49 elementor-widget elementor-widget-heading\" data-id=\"31e8c49\" data-element_type=\"widget\" data-widget_type=\"heading.default\">\n\t\t\t\t<div class=\"elementor-widget-container\">\n\t\t\t<h1 class=\"elementor-heading-title elementor-size-default\">Ja\u00e9n<\/h1>\t\t<\/div>\n\t\t\t\t<\/div>\n\t\t\t\t<div class=\"elementor-element elementor-element-ef1ad84 elementor-widget elementor-widget-text-editor\" data-id=\"ef1ad84\" data-element_type=\"widget\" data-widget_type=\"text-editor.default\">\n\t\t\t\t<div class=\"elementor-widget-container\">\n\t\t\t\t\t\t\t\t<div class=\"elementor-text-editor elementor-clearfix\">\n\t\t\t\t<p><strong>Ubicada bajo el soberbio Castillo de Santa Catalina, entre sus estrechas callejuelas veremos restos de su antiguo pasado como el Palacio Episcopal.\u00a0 El Palacio de Villardompardo guarda en su interior los Ba\u00f1os \u00c1rabes, y un amplio Museo de Artes y Costumbres Populares, donde se podr\u00e1 descubrir la vida de siglos anteriores.<\/strong><\/p><p><strong>La Catedral es el punto principal de Ja\u00e9n y debe ser visitada, como monumento cumbre del Renacimiento.<\/strong><\/p><p><strong>Durante la visita se podr\u00e1n ver los principales monumentos de Ja\u00e9n: Camar\u00edn de Jes\u00fas (interior),\u00a0 Catedral (interior), Ba\u00f1os \u00c1rabes, Museo de Artes y Costumbres Populares, y Museo de Arte Na\u00edf.<\/strong><\/p><ul><li><p><strong>Duraci\u00f3n aproximada: 3 horas (incluye peque\u00f1o descanso)<\/strong><\/p><\/li><li><p><strong>Hora recomendada de inicio: 10:00 y 16:30<\/strong><\/p><\/li><li><p><strong>Precio: Cons\u00faltenos<\/strong><\/p><\/li><li><p><strong>Reservas previa concertaci\u00f3n<\/strong><\/p><\/li><li><strong>Punto de encuentro: Calle Senda de los Huertos, parada del bus tur\u00edsticos frente a Seminario.<\/strong><\/li><\/ul>\t\t\t\t\t<\/div>\n\t\t\t\t\t\t<\/div>\n\t\t\t\t<\/div>\n\t\t\t\t<div class=\"elementor-element elementor-element-59c8f3a elementor-widget elementor-widget-google_maps\" data-id=\"59c8f3a\" data-element_type=\"widget\" data-widget_type=\"google_maps.default\">\n\t\t\t\t<div class=\"elementor-widget-container\">\n\t\t\t\t\t<div class=\"elementor-custom-embed\">\n\t\t\t<iframe frameborder=\"0\" scrolling=\"no\" marginheight=\"0\" marginwidth=\"0\"\n\t\t\t\t\tsrc=\"https:\/\/maps.google.com\/maps?q=Calle%20Senda%20de%20los%20Huertos%2C%2023002%20Ja%C3%A9n&#038;t=m&#038;z=17&#038;output=embed&#038;iwloc=near\"\n\t\t\t\t\ttitle=\"Calle Senda de los Huertos, 23002 Ja\u00e9n\"\n\t\t\t\t\taria-label=\"Calle Senda de los Huertos, 23002 Ja\u00e9n\"\n\t\t\t><\/iframe>\n\t\t<\/div>\n\t\t\t\t<\/div>\n\t\t\t\t<\/div>\n\t\t\t\t\t\t<\/div>\n\t\t\t\t\t<\/div>\n\t\t<\/div>\n\t\t\t\t\t\t\t\t<\/div>\n\t\t\t\t\t<\/div>\n\t\t<\/section>\n\t\t\t\t<section class=\"elementor-section elementor-top-section elementor-element elementor-element-f0af18e elementor-section-boxed elementor-section-height-default elementor-section-height-default stylepress-section-color-normal\" data-id=\"f0af18e\" data-element_type=\"section\">\n\t\t\t\t\t\t<div class=\"elementor-container elementor-column-gap-default\">\n\t\t\t\t\t\t\t<div class=\"elementor-row\">\n\t\t\t\t\t<div class=\"elementor-column elementor-col-100 elementor-top-column elementor-element elementor-element-762258c\" data-id=\"762258c\" data-element_type=\"column\">\n\t\t\t<div class=\"elementor-column-wrap elementor-element-populated\">\n\t\t\t\t\t\t\t<div class=\"elementor-widget-wrap\">\n\t\t\t\t\t\t<div class=\"elementor-element elementor-element-f2d8fb8 elementor-widget elementor-widget-image-gallery\" data-id=\"f2d8fb8\" data-element_type=\"widget\" data-widget_type=\"image-gallery.default\">\n\t\t\t\t<div class=\"elementor-widget-container\">\n\t\t\t\t\t<div class=\"elementor-image-gallery\">\n\t\t\t<div id='gallery-1' class='gallery galleryid-117 gallery-columns-2 gallery-size-medium'><figure class='gallery-item'>\n\t\t\t<div class='gallery-icon landscape'>\n\t\t\t\t<a data-elementor-open-lightbox=\"yes\" data-elementor-lightbox-slideshow=\"f2d8fb8\" data-elementor-lightbox-title=\"IMG-20200115-WA0010\" e-action-hash=\"#elementor-action%3Aaction%3Dlightbox%26settings%3DeyJpZCI6MjQ1LCJ1cmwiOiJodHRwczpcL1wvYWJzaWRldHVyaXNtby5jb21cL3dwLWNvbnRlbnRcL3VwbG9hZHNcLzIwMjBcLzAxXC9JTUctMjAyMDAxMTUtV0EwMDEwLmpwZyIsInNsaWRlc2hvdyI6ImYyZDhmYjgifQ%3D%3D\" href='https:\/\/absideturismo.com\/wp-content\/uploads\/2020\/01\/IMG-20200115-WA0010.jpg'><img loading=\"lazy\" decoding=\"async\" width=\"300\" height=\"225\" src=\"https:\/\/absideturismo.com\/wp-content\/uploads\/2020\/01\/IMG-20200115-WA0010-300x225.jpg\" class=\"attachment-medium size-medium\" alt=\"\" srcset=\"https:\/\/absideturismo.com\/wp-content\/uploads\/2020\/01\/IMG-20200115-WA0010-300x225.jpg 300w, https:\/\/absideturismo.com\/wp-content\/uploads\/2020\/01\/IMG-20200115-WA0010-1024x768.jpg 1024w, https:\/\/absideturismo.com\/wp-content\/uploads\/2020\/01\/IMG-20200115-WA0010-768x576.jpg 768w, https:\/\/absideturismo.com\/wp-content\/uploads\/2020\/01\/IMG-20200115-WA0010-1536x1153.jpg 1536w, https:\/\/absideturismo.com\/wp-content\/uploads\/2020\/01\/IMG-20200115-WA0010.jpg 1599w\" sizes=\"auto, (max-width: 300px) 100vw, 300px\" \/><\/a>\n\t\t\t<\/div><\/figure><figure class='gallery-item'>\n\t\t\t<div class='gallery-icon landscape'>\n\t\t\t\t<a data-elementor-open-lightbox=\"yes\" data-elementor-lightbox-slideshow=\"f2d8fb8\" data-elementor-lightbox-title=\"IMG-20200115-WA0000\" e-action-hash=\"#elementor-action%3Aaction%3Dlightbox%26settings%3DeyJpZCI6MjM1LCJ1cmwiOiJodHRwczpcL1wvYWJzaWRldHVyaXNtby5jb21cL3dwLWNvbnRlbnRcL3VwbG9hZHNcLzIwMjBcLzAxXC9JTUctMjAyMDAxMTUtV0EwMDAwLmpwZyIsInNsaWRlc2hvdyI6ImYyZDhmYjgifQ%3D%3D\" href='https:\/\/absideturismo.com\/wp-content\/uploads\/2020\/01\/IMG-20200115-WA0000.jpg'><img loading=\"lazy\" decoding=\"async\" width=\"300\" height=\"225\" src=\"https:\/\/absideturismo.com\/wp-content\/uploads\/2020\/01\/IMG-20200115-WA0000-300x225.jpg\" class=\"attachment-medium size-medium\" alt=\"\" srcset=\"https:\/\/absideturismo.com\/wp-content\/uploads\/2020\/01\/IMG-20200115-WA0000-300x225.jpg 300w, https:\/\/absideturismo.com\/wp-content\/uploads\/2020\/01\/IMG-20200115-WA0000-1024x768.jpg 1024w, https:\/\/absideturismo.com\/wp-content\/uploads\/2020\/01\/IMG-20200115-WA0000-768x576.jpg 768w, https:\/\/absideturismo.com\/wp-content\/uploads\/2020\/01\/IMG-20200115-WA0000-1536x1153.jpg 1536w, https:\/\/absideturismo.com\/wp-content\/uploads\/2020\/01\/IMG-20200115-WA0000.jpg 1599w\" sizes=\"auto, (max-width: 300px) 100vw, 300px\" \/><\/a>\n\t\t\t<\/div><\/figure><figure class='gallery-item'>\n\t\t\t<div class='gallery-icon portrait'>\n\t\t\t\t<a data-elementor-open-lightbox=\"yes\" data-elementor-lightbox-slideshow=\"f2d8fb8\" data-elementor-lightbox-title=\"IMG-20200115-WA0003\" e-action-hash=\"#elementor-action%3Aaction%3Dlightbox%26settings%3DeyJpZCI6MjM4LCJ1cmwiOiJodHRwczpcL1wvYWJzaWRldHVyaXNtby5jb21cL3dwLWNvbnRlbnRcL3VwbG9hZHNcLzIwMjBcLzAxXC9JTUctMjAyMDAxMTUtV0EwMDAzLmpwZyIsInNsaWRlc2hvdyI6ImYyZDhmYjgifQ%3D%3D\" href='https:\/\/absideturismo.com\/wp-content\/uploads\/2020\/01\/IMG-20200115-WA0003.jpg'><img loading=\"lazy\" decoding=\"async\" width=\"225\" height=\"300\" src=\"https:\/\/absideturismo.com\/wp-content\/uploads\/2020\/01\/IMG-20200115-WA0003-225x300.jpg\" class=\"attachment-medium size-medium\" alt=\"\" srcset=\"https:\/\/absideturismo.com\/wp-content\/uploads\/2020\/01\/IMG-20200115-WA0003-225x300.jpg 225w, https:\/\/absideturismo.com\/wp-content\/uploads\/2020\/01\/IMG-20200115-WA0003-768x1023.jpg 768w, https:\/\/absideturismo.com\/wp-content\/uploads\/2020\/01\/IMG-20200115-WA0003-1153x1536.jpg 1153w, https:\/\/absideturismo.com\/wp-content\/uploads\/2020\/01\/IMG-20200115-WA0003.jpg 1200w\" sizes=\"auto, (max-width: 225px) 100vw, 225px\" \/><\/a>\n\t\t\t<\/div><\/figure><figure class='gallery-item'>\n\t\t\t<div class='gallery-icon portrait'>\n\t\t\t\t<a data-elementor-open-lightbox=\"yes\" data-elementor-lightbox-slideshow=\"f2d8fb8\" data-elementor-lightbox-title=\"IMG-20200115-WA0002\" e-action-hash=\"#elementor-action%3Aaction%3Dlightbox%26settings%3DeyJpZCI6MjM3LCJ1cmwiOiJodHRwczpcL1wvYWJzaWRldHVyaXNtby5jb21cL3dwLWNvbnRlbnRcL3VwbG9hZHNcLzIwMjBcLzAxXC9JTUctMjAyMDAxMTUtV0EwMDAyLmpwZyIsInNsaWRlc2hvdyI6ImYyZDhmYjgifQ%3D%3D\" href='https:\/\/absideturismo.com\/wp-content\/uploads\/2020\/01\/IMG-20200115-WA0002.jpg'><img loading=\"lazy\" decoding=\"async\" width=\"225\" height=\"300\" src=\"https:\/\/absideturismo.com\/wp-content\/uploads\/2020\/01\/IMG-20200115-WA0002-225x300.jpg\" class=\"attachment-medium size-medium\" alt=\"\" srcset=\"https:\/\/absideturismo.com\/wp-content\/uploads\/2020\/01\/IMG-20200115-WA0002-225x300.jpg 225w, https:\/\/absideturismo.com\/wp-content\/uploads\/2020\/01\/IMG-20200115-WA0002-768x1023.jpg 768w, https:\/\/absideturismo.com\/wp-content\/uploads\/2020\/01\/IMG-20200115-WA0002-1153x1536.jpg 1153w, https:\/\/absideturismo.com\/wp-content\/uploads\/2020\/01\/IMG-20200115-WA0002.jpg 1200w\" sizes=\"auto, (max-width: 225px) 100vw, 225px\" \/><\/a>\n\t\t\t<\/div><\/figure>\n\t\t<\/div>\n\t\t<\/div>\n\t\t\t\t<\/div>\n\t\t\t\t<\/div>\n\t\t\t\t\t\t<\/div>\n\t\t\t\t\t<\/div>\n\t\t<\/div>\n\t\t\t\t\t\t\t\t<\/div>\n\t\t\t\t\t<\/div>\n\t\t<\/section>\n\t\t\t\t<section class=\"elementor-section elementor-top-section elementor-element elementor-element-33311cc elementor-section-boxed elementor-section-height-default elementor-section-height-default stylepress-section-color-normal\" data-id=\"33311cc\" data-element_type=\"section\" data-settings=\"{&quot;background_background&quot;:&quot;gradient&quot;}\">\n\t\t\t\t\t\t<div class=\"elementor-container elementor-column-gap-default\">\n\t\t\t\t\t\t\t<div class=\"elementor-row\">\n\t\t\t\t\t<div class=\"elementor-column elementor-col-100 elementor-top-column elementor-element elementor-element-239070e\" data-id=\"239070e\" data-element_type=\"column\">\n\t\t\t<div class=\"elementor-column-wrap elementor-element-populated\">\n\t\t\t\t\t\t\t<div class=\"elementor-widget-wrap\">\n\t\t\t\t\t\t<div class=\"elementor-element elementor-element-52e93e7 elementor-widget elementor-widget-text-editor\" data-id=\"52e93e7\" data-element_type=\"widget\" data-widget_type=\"text-editor.default\">\n\t\t\t\t<div class=\"elementor-widget-container\">\n\t\t\t\t\t\t\t\t<div class=\"elementor-text-editor elementor-clearfix\">\n\t\t\t\t<a href=\"https:\/\/absideturismo.com\/index.php\/politica-de-cookies\/\">Politicas de cookies<\/a> | <a href=\"https:\/\/absideturismo.com\/index.php\/mas-informacion-sobre-las-cookies\/\">M\u00e1s informaci\u00f3n sobre las cookies<\/a>\t\t\t\t\t<\/div>\n\t\t\t\t\t\t<\/div>\n\t\t\t\t<\/div>\n\t\t\t\t<div class=\"elementor-element elementor-element-a74e483 elementor-shape-circle elementor-grid-0 e-grid-align-center elementor-widget elementor-widget-social-icons\" data-id=\"a74e483\" data-element_type=\"widget\" data-widget_type=\"social-icons.default\">\n\t\t\t\t<div class=\"elementor-widget-container\">\n\t\t\t\t\t<div class=\"elementor-social-icons-wrapper elementor-grid\">\n\t\t\t\t\t\t\t<span class=\"elementor-grid-item\">\n\t\t\t\t\t<a class=\"elementor-icon elementor-social-icon elementor-social-icon-facebook elementor-repeater-item-6e3792e\" target=\"_blank\">\n\t\t\t\t\t\t<span class=\"elementor-screen-only\">Facebook<\/span>\n\t\t\t\t\t\t<i class=\"fab fa-facebook\"><\/i>\t\t\t\t\t<\/a>\n\t\t\t\t<\/span>\n\t\t\t\t\t\t\t<span class=\"elementor-grid-item\">\n\t\t\t\t\t<a class=\"elementor-icon elementor-social-icon elementor-social-icon-twitter elementor-repeater-item-379b679\" target=\"_blank\">\n\t\t\t\t\t\t<span class=\"elementor-screen-only\">Twitter<\/span>\n\t\t\t\t\t\t<i class=\"fab fa-twitter\"><\/i>\t\t\t\t\t<\/a>\n\t\t\t\t<\/span>\n\t\t\t\t\t<\/div>\n\t\t\t\t<\/div>\n\t\t\t\t<\/div>\n\t\t\t\t<div class=\"elementor-element elementor-element-7a8b436 elementor-widget elementor-widget-text-editor\" data-id=\"7a8b436\" data-element_type=\"widget\" data-widget_type=\"text-editor.default\">\n\t\t\t\t<div class=\"elementor-widget-container\">\n\t\t\t\t\t\t\t\t<div class=\"elementor-text-editor elementor-clearfix\">\n\t\t\t\t<p><a href=\"https:\/\/www.imslinares.es\/\" target=\"_blank\" rel=\"noopener\">Copyright I.M.S. LINARES <\/a><\/p>\t\t\t\t\t<\/div>\n\t\t\t\t\t\t<\/div>\n\t\t\t\t<\/div>\n\t\t\t\t\t\t<\/div>\n\t\t\t\t\t<\/div>\n\t\t<\/div>\n\t\t\t\t\t\t\t\t<\/div>\n\t\t\t\t\t<\/div>\n\t\t<\/section>\n\t\t\t\t\t\t<\/div>\n\t\t\t\t\t\t<\/div>\n\t\t\t\t\t<\/div>\n\t\t","protected":false},"excerpt":{"rendered":"<p>\u00c1bside Turismo\u200b Menu Inicio Bienvenidos Visita individual Ubeda Baeza Baeza + \u00dabeda Visitas Grupos Ja\u00e9n Cazorla Ba\u00f1os Sabiote Contacto Comentarios 679 66 46 25 953 74 33 36 Ja\u00e9n Ubicada bajo el soberbio Castillo de Santa Catalina, entre sus estrechas callejuelas veremos restos de su antiguo pasado como el Palacio Episcopal.\u00a0 El Palacio de Villardompardo [&hellip;]<\/p>\n","protected":false},"author":1,"featured_media":0,"parent":0,"menu_order":0,"comment_status":"closed","ping_status":"closed","template":"elementor_canvas","meta":{"_joinchat":[],"footnotes":""},"class_list":["post-117","page","type-page","status-publish","hentry"],"jetpack_sharing_enabled":true,"_links":{"self":[{"href":"https:\/\/absideturismo.com\/index.php\/wp-json\/wp\/v2\/pages\/117","targetHints":{"allow":["GET"]}}],"collection":[{"href":"https:\/\/absideturismo.com\/index.php\/wp-json\/wp\/v2\/pages"}],"about":[{"href":"https:\/\/absideturismo.com\/index.php\/wp-json\/wp\/v2\/types\/page"}],"author":[{"embeddable":true,"href":"https:\/\/absideturismo.com\/index.php\/wp-json\/wp\/v2\/users\/1"}],"replies":[{"embeddable":true,"href":"https:\/\/absideturismo.com\/index.php\/wp-json\/wp\/v2\/comments?post=117"}],"version-history":[{"count":31,"href":"https:\/\/absideturismo.com\/index.php\/wp-json\/wp\/v2\/pages\/117\/revisions"}],"predecessor-version":[{"id":572,"href":"https:\/\/absideturismo.com\/index.php\/wp-json\/wp\/v2\/pages\/117\/revisions\/572"}],"wp:attachment":[{"href":"https:\/\/absideturismo.com\/index.php\/wp-json\/wp\/v2\/media?parent=117"}],"curies":[{"name":"wp","href":"https:\/\/api.w.org\/{rel}","templated":true}]}}